{"id":3491,"date":"2020-12-25T20:11:50","date_gmt":"2020-12-25T17:11:50","guid":{"rendered":"https:\/\/temadam.com\/haberadam\/?page_id=3491"},"modified":"2020-12-27T20:10:08","modified_gmt":"2020-12-27T17:10:08","slug":"yayin-akislari-servisi","status":"publish","type":"page","link":"https:\/\/haberadam.temadam.com\/demo4\/yayin-akislari-servisi\/","title":{"rendered":"Yay\u0131n Ak\u0131\u015flar\u0131 Servisi"},"content":{"rendered":"","protected":false},"excerpt":{"rendered":"","protected":false},"author":1,"featured_media":0,"parent":0,"menu_order":0,"comment_status":"closed","ping_status":"closed","template":"yayin-akislari-light.php","meta":[],"_links":{"self":[{"href":"https:\/\/haberadam.temadam.com\/demo4\/wp-json\/wp\/v2\/pages\/3491"}],"collection":[{"href":"https:\/\/haberadam.temadam.com\/demo4\/wp-json\/wp\/v2\/pages"}],"about":[{"href":"https:\/\/haberadam.temadam.com\/demo4\/wp-json\/wp\/v2\/types\/page"}],"author":[{"embeddable":true,"href":"https:\/\/haberadam.temadam.com\/demo4\/wp-json\/wp\/v2\/users\/1"}],"replies":[{"embeddable":true,"href":"https:\/\/haberadam.temadam.com\/demo4\/wp-json\/wp\/v2\/comments?post=3491"}],"version-history":[{"count":2,"href":"https:\/\/haberadam.temadam.com\/demo4\/wp-json\/wp\/v2\/pages\/3491\/revisions"}],"predecessor-version":[{"id":3502,"href":"https:\/\/haberadam.temadam.com\/demo4\/wp-json\/wp\/v2\/pages\/3491\/revisions\/3502"}],"wp:attachment":[{"href":"https:\/\/haberadam.temadam.com\/demo4\/wp-json\/wp\/v2\/media?parent=3491"}],"curies":[{"name":"wp","href":"https:\/\/api.w.org\/{rel}","templated":true}]}}