{"id":3360,"date":"2020-12-06T12:05:33","date_gmt":"2020-12-06T09:05:33","guid":{"rendered":"https:\/\/temadam.com\/haberadam\/?page_id=3360"},"modified":"2020-12-06T15:19:37","modified_gmt":"2020-12-06T12:19:37","slug":"gunluk-burc-yorumlari","status":"publish","type":"page","link":"https:\/\/haberadam.temadam.com\/demo4\/gunluk-burc-yorumlari\/","title":{"rendered":"G\u00fcnl\u00fck Bur\u00e7 Yorumlar\u0131"},"content":{"rendered":"","protected":false},"excerpt":{"rendered":"","protected":false},"author":1,"featured_media":0,"parent":0,"menu_order":0,"comment_status":"closed","ping_status":"closed","template":"gunluk-burc-yorumlari.php","meta":[],"_links":{"self":[{"href":"https:\/\/haberadam.temadam.com\/demo4\/wp-json\/wp\/v2\/pages\/3360"}],"collection":[{"href":"https:\/\/haberadam.temadam.com\/demo4\/wp-json\/wp\/v2\/pages"}],"about":[{"href":"https:\/\/haberadam.temadam.com\/demo4\/wp-json\/wp\/v2\/types\/page"}],"author":[{"embeddable":true,"href":"https:\/\/haberadam.temadam.com\/demo4\/wp-json\/wp\/v2\/users\/1"}],"replies":[{"embeddable":true,"href":"https:\/\/haberadam.temadam.com\/demo4\/wp-json\/wp\/v2\/comments?post=3360"}],"version-history":[{"count":1,"href":"https:\/\/haberadam.temadam.com\/demo4\/wp-json\/wp\/v2\/pages\/3360\/revisions"}],"predecessor-version":[{"id":3361,"href":"https:\/\/haberadam.temadam.com\/demo4\/wp-json\/wp\/v2\/pages\/3360\/revisions\/3361"}],"wp:attachment":[{"href":"https:\/\/haberadam.temadam.com\/demo4\/wp-json\/wp\/v2\/media?parent=3360"}],"curies":[{"name":"wp","href":"https:\/\/api.w.org\/{rel}","templated":true}]}}