{"id":3462,"date":"2020-12-11T20:43:57","date_gmt":"2020-12-11T17:43:57","guid":{"rendered":"https:\/\/temadam.com\/haberadam\/demo2\/page\/"},"modified":"2020-12-11T20:43:57","modified_gmt":"2020-12-11T17:43:57","slug":"page","status":"publish","type":"page","link":"https:\/\/haberadam.temadam.com\/demo2\/page\/","title":{"rendered":"Deneme Page"},"content":{"rendered":"\n<p>Putin, \u201cErmenistan, Da\u011fl\u0131k Karaba\u011f\u2019\u0131n ba\u011f\u0131ms\u0131zl\u0131\u011f\u0131n\u0131 ve egemenli\u011fini tan\u0131mad\u0131. Bu, uluslararas\u0131 hukuk a\u00e7\u0131s\u0131ndan hem Da\u011fl\u0131k Karaba\u011f\u2019\u0131n hem de ona kom\u015fu t\u00fcm b\u00f6lgelerin Azerbaycan Cumhuriyeti topraklar\u0131n\u0131n ayr\u0131lmaz bir par\u00e7as\u0131 oldu\u011fu anlam\u0131na geliyordu\u201d diye konu\u015ftu.<\/p>\n\n\n\n<h1>H1 Title<\/h1>\n\n\n\n<h2>H2 Title<\/h2>\n\n\n\n<h3>h3 Title<\/h3>\n\n\n\n<h4>h4 Title<\/h4>\n\n\n\n<h5>h5 title<\/h5>\n\n\n\n<h6>h6 title<\/h6>\n\n\n\n<p><\/p>\n","protected":false},"excerpt":{"rendered":"<p>Putin, \u201cErmenistan, Da\u011fl\u0131k Karaba\u011f\u2019\u0131n ba\u011f\u0131ms\u0131zl\u0131\u011f\u0131n\u0131 ve egemenli\u011fini tan\u0131mad\u0131. Bu, uluslararas\u0131 hukuk a\u00e7\u0131s\u0131ndan hem Da\u011fl\u0131k Karaba\u011f\u2019\u0131n hem de ona kom\u015fu t\u00fcm b\u00f6lgelerin Azerbaycan Cumhuriyeti topraklar\u0131n\u0131n ayr\u0131lmaz bir par\u00e7as\u0131 oldu\u011fu anlam\u0131na geliyordu\u201d diye konu\u015ftu. H1 Title H2 Title h3 Title h4 Title h5 title h6 title<\/p>\n","protected":false},"author":1,"featured_media":0,"parent":0,"menu_order":0,"comment_status":"closed","ping_status":"closed","template":"","meta":[],"_links":{"self":[{"href":"https:\/\/haberadam.temadam.com\/demo2\/wp-json\/wp\/v2\/pages\/3462"}],"collection":[{"href":"https:\/\/haberadam.temadam.com\/demo2\/wp-json\/wp\/v2\/pages"}],"about":[{"href":"https:\/\/haberadam.temadam.com\/demo2\/wp-json\/wp\/v2\/types\/page"}],"author":[{"embeddable":true,"href":"https:\/\/haberadam.temadam.com\/demo2\/wp-json\/wp\/v2\/users\/1"}],"replies":[{"embeddable":true,"href":"https:\/\/haberadam.temadam.com\/demo2\/wp-json\/wp\/v2\/comments?post=3462"}],"version-history":[{"count":0,"href":"https:\/\/haberadam.temadam.com\/demo2\/wp-json\/wp\/v2\/pages\/3462\/revisions"}],"wp:attachment":[{"href":"https:\/\/haberadam.temadam.com\/demo2\/wp-json\/wp\/v2\/media?parent=3462"}],"curies":[{"name":"wp","href":"https:\/\/api.w.org\/{rel}","templated":true}]}}